{"id":7439,"date":"2024-11-05T08:21:38","date_gmt":"2024-11-05T08:21:38","guid":{"rendered":"https:\/\/oenusdeco.com\/?post_type=product&#038;p=7439"},"modified":"2024-11-05T08:35:44","modified_gmt":"2024-11-05T08:35:44","slug":"holiday-birthday-candles","status":"publish","type":"product","link":"https:\/\/oenusdeco.com\/es\/producto\/holiday-birthday-candles\/","title":{"rendered":"Velas de cumplea\u00f1os navide\u00f1as - Velas con n\u00fameros brillantes y dise\u00f1o de \u00e1rbol de Navidad"},"content":{"rendered":"<p><span style=\"color: #000000;\">Celebrate birthdays with a festive touch using our holiday birthday candles. These glittery number candles, adorned with a charming Christmas tree design, are perfect for adding a seasonal flair to any birthday cake. Crafted from high-quality, non-toxic materials, our candles are safe for all ages and ensure a clean, even burn.<\/span><\/p>\n<p><span style=\"color: #000000;\"><br \/>\nThe vibrant green glitter and adorable Christmas tree decorations make these candles a standout addition to any holiday-themed birthday party. Whether you&#8217;re celebrating a winter birthday or simply love the holiday season, these designed to create memorable moments. Order now and bring joy and sparkle to your next birthday celebration with our delightful holiday birthday candles.<\/span><\/p>\n<p><img fetchpriority=\"high\" decoding=\"async\" class=\"aligncenter wp-image-7184\" src=\"http:\/\/oenusdeco.com\/wp-content\/uploads\/2024\/10\/\u6279\u53d1.jpg\" alt=\"\" width=\"600\" height=\"600\" title=\"\" srcset=\"https:\/\/oenusdeco.com\/wp-content\/uploads\/2024\/10\/\u6279\u53d1.jpg 1024w, https:\/\/oenusdeco.com\/wp-content\/uploads\/2024\/10\/\u6279\u53d1-300x300.jpg 300w, https:\/\/oenusdeco.com\/wp-content\/uploads\/2024\/10\/\u6279\u53d1-150x150.jpg 150w, https:\/\/oenusdeco.com\/wp-content\/uploads\/2024\/10\/\u6279\u53d1-768x768.jpg 768w, https:\/\/oenusdeco.com\/wp-content\/uploads\/2024\/10\/\u6279\u53d1-12x12.jpg 12w, https:\/\/oenusdeco.com\/wp-content\/uploads\/2024\/10\/\u6279\u53d1-370x370.jpg 370w, https:\/\/oenusdeco.com\/wp-content\/uploads\/2024\/10\/\u6279\u53d1-600x600.jpg 600w, https:\/\/oenusdeco.com\/wp-content\/uploads\/2024\/10\/\u6279\u53d1-100x100.jpg 100w, https:\/\/oenusdeco.com\/wp-content\/uploads\/2024\/10\/\u6279\u53d1-50x50.jpg 50w, https:\/\/oenusdeco.com\/wp-content\/uploads\/2024\/10\/\u6279\u53d1-40x40.jpg 40w\" sizes=\"(max-width: 600px) 100vw, 600px\" \/><img decoding=\"async\" class=\"aligncenter wp-image-7463 lazyload\" data-src=\"http:\/\/oenusdeco.com\/wp-content\/uploads\/2024\/11\/Holiday-Birthday-Candles-15.jpg\" alt=\"Holiday Birthday Candles\" width=\"600\" height=\"583\" title=\"\" data-srcset=\"https:\/\/oenusdeco.com\/wp-content\/uploads\/2024\/11\/Holiday-Birthday-Candles-15.jpg 790w, https:\/\/oenusdeco.com\/wp-content\/uploads\/2024\/11\/Holiday-Birthday-Candles-15-300x292.jpg 300w, https:\/\/oenusdeco.com\/wp-content\/uploads\/2024\/11\/Holiday-Birthday-Candles-15-768x747.jpg 768w, https:\/\/oenusdeco.com\/wp-content\/uploads\/2024\/11\/Holiday-Birthday-Candles-15-12x12.jpg 12w, https:\/\/oenusdeco.com\/wp-content\/uploads\/2024\/11\/Holiday-Birthday-Candles-15-370x360.jpg 370w, https:\/\/oenusdeco.com\/wp-content\/uploads\/2024\/11\/Holiday-Birthday-Candles-15-600x583.jpg 600w, https:\/\/oenusdeco.com\/wp-content\/uploads\/2024\/11\/Holiday-Birthday-Candles-15-50x50.jpg 50w, https:\/\/oenusdeco.com\/wp-content\/uploads\/2024\/11\/Holiday-Birthday-Candles-15-41x40.jpg 41w\" data-sizes=\"(max-width: 600px) 100vw, 600px\" src=\"data:image\/gif;base64,R0lGODlhAQABAAAAACH5BAEKAAEALAAAAAABAAEAAAICTAEAOw==\" style=\"--smush-placeholder-width: 600px; --smush-placeholder-aspect-ratio: 600\/583;\" \/><noscript><img decoding=\"async\" class=\"aligncenter wp-image-7463\" src=\"http:\/\/oenusdeco.com\/wp-content\/uploads\/2024\/11\/Holiday-Birthday-Candles-15.jpg\" alt=\"Holiday Birthday Candles\" width=\"600\" height=\"583\" title=\"\" srcset=\"https:\/\/oenusdeco.com\/wp-content\/uploads\/2024\/11\/Holiday-Birthday-Candles-15.jpg 790w, https:\/\/oenusdeco.com\/wp-content\/uploads\/2024\/11\/Holiday-Birthday-Candles-15-300x292.jpg 300w, https:\/\/oenusdeco.com\/wp-content\/uploads\/2024\/11\/Holiday-Birthday-Candles-15-768x747.jpg 768w, https:\/\/oenusdeco.com\/wp-content\/uploads\/2024\/11\/Holiday-Birthday-Candles-15-12x12.jpg 12w, https:\/\/oenusdeco.com\/wp-content\/uploads\/2024\/11\/Holiday-Birthday-Candles-15-370x360.jpg 370w, https:\/\/oenusdeco.com\/wp-content\/uploads\/2024\/11\/Holiday-Birthday-Candles-15-600x583.jpg 600w, https:\/\/oenusdeco.com\/wp-content\/uploads\/2024\/11\/Holiday-Birthday-Candles-15-50x50.jpg 50w, https:\/\/oenusdeco.com\/wp-content\/uploads\/2024\/11\/Holiday-Birthday-Candles-15-41x40.jpg 41w\" sizes=\"(max-width: 600px) 100vw, 600px\" \/><\/noscript><img decoding=\"async\" class=\"aligncenter wp-image-7462 lazyload\" data-src=\"http:\/\/oenusdeco.com\/wp-content\/uploads\/2024\/11\/Holiday-Birthday-Candles-14-e1730795197521.jpg\" alt=\"Holiday Birthday Candles\" width=\"600\" height=\"387\" title=\"\" data-srcset=\"https:\/\/oenusdeco.com\/wp-content\/uploads\/2024\/11\/Holiday-Birthday-Candles-14-e1730795197521.jpg 790w, https:\/\/oenusdeco.com\/wp-content\/uploads\/2024\/11\/Holiday-Birthday-Candles-14-e1730795197521-300x193.jpg 300w, https:\/\/oenusdeco.com\/wp-content\/uploads\/2024\/11\/Holiday-Birthday-Candles-14-e1730795197521-768x495.jpg 768w, https:\/\/oenusdeco.com\/wp-content\/uploads\/2024\/11\/Holiday-Birthday-Candles-14-e1730795197521-18x12.jpg 18w, https:\/\/oenusdeco.com\/wp-content\/uploads\/2024\/11\/Holiday-Birthday-Candles-14-e1730795197521-370x238.jpg 370w, https:\/\/oenusdeco.com\/wp-content\/uploads\/2024\/11\/Holiday-Birthday-Candles-14-e1730795197521-600x387.jpg 600w, https:\/\/oenusdeco.com\/wp-content\/uploads\/2024\/11\/Holiday-Birthday-Candles-14-e1730795197521-60x40.jpg 60w\" data-sizes=\"(max-width: 600px) 100vw, 600px\" src=\"data:image\/gif;base64,R0lGODlhAQABAAAAACH5BAEKAAEALAAAAAABAAEAAAICTAEAOw==\" style=\"--smush-placeholder-width: 600px; --smush-placeholder-aspect-ratio: 600\/387;\" \/><noscript><img decoding=\"async\" class=\"aligncenter wp-image-7462\" src=\"http:\/\/oenusdeco.com\/wp-content\/uploads\/2024\/11\/Holiday-Birthday-Candles-14-e1730795197521.jpg\" alt=\"Holiday Birthday Candles\" width=\"600\" height=\"387\" title=\"\" srcset=\"https:\/\/oenusdeco.com\/wp-content\/uploads\/2024\/11\/Holiday-Birthday-Candles-14-e1730795197521.jpg 790w, https:\/\/oenusdeco.com\/wp-content\/uploads\/2024\/11\/Holiday-Birthday-Candles-14-e1730795197521-300x193.jpg 300w, https:\/\/oenusdeco.com\/wp-content\/uploads\/2024\/11\/Holiday-Birthday-Candles-14-e1730795197521-768x495.jpg 768w, https:\/\/oenusdeco.com\/wp-content\/uploads\/2024\/11\/Holiday-Birthday-Candles-14-e1730795197521-18x12.jpg 18w, https:\/\/oenusdeco.com\/wp-content\/uploads\/2024\/11\/Holiday-Birthday-Candles-14-e1730795197521-370x238.jpg 370w, https:\/\/oenusdeco.com\/wp-content\/uploads\/2024\/11\/Holiday-Birthday-Candles-14-e1730795197521-600x387.jpg 600w, https:\/\/oenusdeco.com\/wp-content\/uploads\/2024\/11\/Holiday-Birthday-Candles-14-e1730795197521-60x40.jpg 60w\" sizes=\"(max-width: 600px) 100vw, 600px\" \/><\/noscript><img loading=\"lazy\" decoding=\"async\" class=\"aligncenter wp-image-7461 lazyload\" data-src=\"http:\/\/oenusdeco.com\/wp-content\/uploads\/2024\/11\/Holiday-Birthday-Candles-3-e1730795243982.png\" alt=\"Holiday Birthday Candles\" width=\"600\" height=\"1038\" title=\"\" data-srcset=\"https:\/\/oenusdeco.com\/wp-content\/uploads\/2024\/11\/Holiday-Birthday-Candles-3-e1730795243982.png 624w, https:\/\/oenusdeco.com\/wp-content\/uploads\/2024\/11\/Holiday-Birthday-Candles-3-e1730795243982-173x300.png 173w, https:\/\/oenusdeco.com\/wp-content\/uploads\/2024\/11\/Holiday-Birthday-Candles-3-e1730795243982-592x1024.png 592w, https:\/\/oenusdeco.com\/wp-content\/uploads\/2024\/11\/Holiday-Birthday-Candles-3-e1730795243982-7x12.png 7w, https:\/\/oenusdeco.com\/wp-content\/uploads\/2024\/11\/Holiday-Birthday-Candles-3-e1730795243982-340x588.png 340w, https:\/\/oenusdeco.com\/wp-content\/uploads\/2024\/11\/Holiday-Birthday-Candles-3-e1730795243982-600x1038.png 600w, https:\/\/oenusdeco.com\/wp-content\/uploads\/2024\/11\/Holiday-Birthday-Candles-3-e1730795243982-23x40.png 23w\" data-sizes=\"(max-width: 600px) 100vw, 600px\" src=\"data:image\/gif;base64,R0lGODlhAQABAAAAACH5BAEKAAEALAAAAAABAAEAAAICTAEAOw==\" style=\"--smush-placeholder-width: 600px; --smush-placeholder-aspect-ratio: 600\/1038;\" \/><noscript><img loading=\"lazy\" decoding=\"async\" class=\"aligncenter wp-image-7461\" src=\"http:\/\/oenusdeco.com\/wp-content\/uploads\/2024\/11\/Holiday-Birthday-Candles-3-e1730795243982.png\" alt=\"Holiday Birthday Candles\" width=\"600\" height=\"1038\" title=\"\" srcset=\"https:\/\/oenusdeco.com\/wp-content\/uploads\/2024\/11\/Holiday-Birthday-Candles-3-e1730795243982.png 624w, https:\/\/oenusdeco.com\/wp-content\/uploads\/2024\/11\/Holiday-Birthday-Candles-3-e1730795243982-173x300.png 173w, https:\/\/oenusdeco.com\/wp-content\/uploads\/2024\/11\/Holiday-Birthday-Candles-3-e1730795243982-592x1024.png 592w, https:\/\/oenusdeco.com\/wp-content\/uploads\/2024\/11\/Holiday-Birthday-Candles-3-e1730795243982-7x12.png 7w, https:\/\/oenusdeco.com\/wp-content\/uploads\/2024\/11\/Holiday-Birthday-Candles-3-e1730795243982-340x588.png 340w, https:\/\/oenusdeco.com\/wp-content\/uploads\/2024\/11\/Holiday-Birthday-Candles-3-e1730795243982-600x1038.png 600w, https:\/\/oenusdeco.com\/wp-content\/uploads\/2024\/11\/Holiday-Birthday-Candles-3-e1730795243982-23x40.png 23w\" sizes=\"(max-width: 600px) 100vw, 600px\" \/><\/noscript> <img loading=\"lazy\" decoding=\"async\" class=\"aligncenter wp-image-7460 lazyload\" data-src=\"http:\/\/oenusdeco.com\/wp-content\/uploads\/2024\/11\/Holiday-Birthday-Candles-1-e1730795278747.png\" alt=\"Holiday Birthday Candles\" width=\"600\" height=\"929\" title=\"\" data-srcset=\"https:\/\/oenusdeco.com\/wp-content\/uploads\/2024\/11\/Holiday-Birthday-Candles-1-e1730795278747.png 692w, https:\/\/oenusdeco.com\/wp-content\/uploads\/2024\/11\/Holiday-Birthday-Candles-1-e1730795278747-194x300.png 194w, https:\/\/oenusdeco.com\/wp-content\/uploads\/2024\/11\/Holiday-Birthday-Candles-1-e1730795278747-661x1024.png 661w, https:\/\/oenusdeco.com\/wp-content\/uploads\/2024\/11\/Holiday-Birthday-Candles-1-e1730795278747-8x12.png 8w, https:\/\/oenusdeco.com\/wp-content\/uploads\/2024\/11\/Holiday-Birthday-Candles-1-e1730795278747-370x573.png 370w, https:\/\/oenusdeco.com\/wp-content\/uploads\/2024\/11\/Holiday-Birthday-Candles-1-e1730795278747-600x929.png 600w, https:\/\/oenusdeco.com\/wp-content\/uploads\/2024\/11\/Holiday-Birthday-Candles-1-e1730795278747-26x40.png 26w\" data-sizes=\"(max-width: 600px) 100vw, 600px\" src=\"data:image\/gif;base64,R0lGODlhAQABAAAAACH5BAEKAAEALAAAAAABAAEAAAICTAEAOw==\" style=\"--smush-placeholder-width: 600px; --smush-placeholder-aspect-ratio: 600\/929;\" \/><noscript><img loading=\"lazy\" decoding=\"async\" class=\"aligncenter wp-image-7460\" src=\"http:\/\/oenusdeco.com\/wp-content\/uploads\/2024\/11\/Holiday-Birthday-Candles-1-e1730795278747.png\" alt=\"Holiday Birthday Candles\" width=\"600\" height=\"929\" title=\"\" srcset=\"https:\/\/oenusdeco.com\/wp-content\/uploads\/2024\/11\/Holiday-Birthday-Candles-1-e1730795278747.png 692w, https:\/\/oenusdeco.com\/wp-content\/uploads\/2024\/11\/Holiday-Birthday-Candles-1-e1730795278747-194x300.png 194w, https:\/\/oenusdeco.com\/wp-content\/uploads\/2024\/11\/Holiday-Birthday-Candles-1-e1730795278747-661x1024.png 661w, https:\/\/oenusdeco.com\/wp-content\/uploads\/2024\/11\/Holiday-Birthday-Candles-1-e1730795278747-8x12.png 8w, https:\/\/oenusdeco.com\/wp-content\/uploads\/2024\/11\/Holiday-Birthday-Candles-1-e1730795278747-370x573.png 370w, https:\/\/oenusdeco.com\/wp-content\/uploads\/2024\/11\/Holiday-Birthday-Candles-1-e1730795278747-600x929.png 600w, https:\/\/oenusdeco.com\/wp-content\/uploads\/2024\/11\/Holiday-Birthday-Candles-1-e1730795278747-26x40.png 26w\" sizes=\"(max-width: 600px) 100vw, 600px\" \/><\/noscript><img loading=\"lazy\" decoding=\"async\" class=\"aligncenter size-full wp-image-7464 lazyload\" data-src=\"http:\/\/oenusdeco.com\/wp-content\/uploads\/2024\/11\/Holiday-Birthday-Candles-16.jpg\" alt=\"Holiday Birthday Candles\" width=\"600\" height=\"657\" title=\"\" data-srcset=\"https:\/\/oenusdeco.com\/wp-content\/uploads\/2024\/11\/Holiday-Birthday-Candles-16.jpg 600w, https:\/\/oenusdeco.com\/wp-content\/uploads\/2024\/11\/Holiday-Birthday-Candles-16-274x300.jpg 274w, https:\/\/oenusdeco.com\/wp-content\/uploads\/2024\/11\/Holiday-Birthday-Candles-16-11x12.jpg 11w, https:\/\/oenusdeco.com\/wp-content\/uploads\/2024\/11\/Holiday-Birthday-Candles-16-370x405.jpg 370w, https:\/\/oenusdeco.com\/wp-content\/uploads\/2024\/11\/Holiday-Birthday-Candles-16-37x40.jpg 37w\" data-sizes=\"(max-width: 600px) 100vw, 600px\" src=\"data:image\/gif;base64,R0lGODlhAQABAAAAACH5BAEKAAEALAAAAAABAAEAAAICTAEAOw==\" style=\"--smush-placeholder-width: 600px; --smush-placeholder-aspect-ratio: 600\/657;\" \/><noscript><img loading=\"lazy\" decoding=\"async\" class=\"aligncenter size-full wp-image-7464\" src=\"http:\/\/oenusdeco.com\/wp-content\/uploads\/2024\/11\/Holiday-Birthday-Candles-16.jpg\" alt=\"Holiday Birthday Candles\" width=\"600\" height=\"657\" title=\"\" srcset=\"https:\/\/oenusdeco.com\/wp-content\/uploads\/2024\/11\/Holiday-Birthday-Candles-16.jpg 600w, https:\/\/oenusdeco.com\/wp-content\/uploads\/2024\/11\/Holiday-Birthday-Candles-16-274x300.jpg 274w, https:\/\/oenusdeco.com\/wp-content\/uploads\/2024\/11\/Holiday-Birthday-Candles-16-11x12.jpg 11w, https:\/\/oenusdeco.com\/wp-content\/uploads\/2024\/11\/Holiday-Birthday-Candles-16-370x405.jpg 370w, https:\/\/oenusdeco.com\/wp-content\/uploads\/2024\/11\/Holiday-Birthday-Candles-16-37x40.jpg 37w\" sizes=\"(max-width: 600px) 100vw, 600px\" \/><\/noscript><img loading=\"lazy\" decoding=\"async\" class=\"aligncenter wp-image-7465 lazyload\" data-src=\"http:\/\/oenusdeco.com\/wp-content\/uploads\/2024\/11\/Holiday-Birthday-Candles-17.jpg\" alt=\"Holiday Birthday Candles\" width=\"600\" height=\"1075\" title=\"\" data-srcset=\"https:\/\/oenusdeco.com\/wp-content\/uploads\/2024\/11\/Holiday-Birthday-Candles-17.jpg 790w, https:\/\/oenusdeco.com\/wp-content\/uploads\/2024\/11\/Holiday-Birthday-Candles-17-167x300.jpg 167w, https:\/\/oenusdeco.com\/wp-content\/uploads\/2024\/11\/Holiday-Birthday-Candles-17-572x1024.jpg 572w, https:\/\/oenusdeco.com\/wp-content\/uploads\/2024\/11\/Holiday-Birthday-Candles-17-768x1376.jpg 768w, https:\/\/oenusdeco.com\/wp-content\/uploads\/2024\/11\/Holiday-Birthday-Candles-17-7x12.jpg 7w, https:\/\/oenusdeco.com\/wp-content\/uploads\/2024\/11\/Holiday-Birthday-Candles-17-328x588.jpg 328w, https:\/\/oenusdeco.com\/wp-content\/uploads\/2024\/11\/Holiday-Birthday-Candles-17-600x1075.jpg 600w, https:\/\/oenusdeco.com\/wp-content\/uploads\/2024\/11\/Holiday-Birthday-Candles-17-22x40.jpg 22w\" data-sizes=\"(max-width: 600px) 100vw, 600px\" src=\"data:image\/gif;base64,R0lGODlhAQABAAAAACH5BAEKAAEALAAAAAABAAEAAAICTAEAOw==\" style=\"--smush-placeholder-width: 600px; --smush-placeholder-aspect-ratio: 600\/1075;\" \/><noscript><img loading=\"lazy\" decoding=\"async\" class=\"aligncenter wp-image-7465\" src=\"http:\/\/oenusdeco.com\/wp-content\/uploads\/2024\/11\/Holiday-Birthday-Candles-17.jpg\" alt=\"Holiday Birthday Candles\" width=\"600\" height=\"1075\" title=\"\" srcset=\"https:\/\/oenusdeco.com\/wp-content\/uploads\/2024\/11\/Holiday-Birthday-Candles-17.jpg 790w, https:\/\/oenusdeco.com\/wp-content\/uploads\/2024\/11\/Holiday-Birthday-Candles-17-167x300.jpg 167w, https:\/\/oenusdeco.com\/wp-content\/uploads\/2024\/11\/Holiday-Birthday-Candles-17-572x1024.jpg 572w, https:\/\/oenusdeco.com\/wp-content\/uploads\/2024\/11\/Holiday-Birthday-Candles-17-768x1376.jpg 768w, https:\/\/oenusdeco.com\/wp-content\/uploads\/2024\/11\/Holiday-Birthday-Candles-17-7x12.jpg 7w, https:\/\/oenusdeco.com\/wp-content\/uploads\/2024\/11\/Holiday-Birthday-Candles-17-328x588.jpg 328w, https:\/\/oenusdeco.com\/wp-content\/uploads\/2024\/11\/Holiday-Birthday-Candles-17-600x1075.jpg 600w, https:\/\/oenusdeco.com\/wp-content\/uploads\/2024\/11\/Holiday-Birthday-Candles-17-22x40.jpg 22w\" sizes=\"(max-width: 600px) 100vw, 600px\" \/><\/noscript> <img loading=\"lazy\" decoding=\"async\" class=\"aligncenter wp-image-7466 lazyload\" data-src=\"http:\/\/oenusdeco.com\/wp-content\/uploads\/2024\/11\/Holiday-Birthday-Candles-18.jpg\" alt=\"Holiday Birthday Candles\" width=\"600\" height=\"957\" title=\"\" data-srcset=\"https:\/\/oenusdeco.com\/wp-content\/uploads\/2024\/11\/Holiday-Birthday-Candles-18.jpg 790w, https:\/\/oenusdeco.com\/wp-content\/uploads\/2024\/11\/Holiday-Birthday-Candles-18-188x300.jpg 188w, https:\/\/oenusdeco.com\/wp-content\/uploads\/2024\/11\/Holiday-Birthday-Candles-18-642x1024.jpg 642w, https:\/\/oenusdeco.com\/wp-content\/uploads\/2024\/11\/Holiday-Birthday-Candles-18-768x1225.jpg 768w, https:\/\/oenusdeco.com\/wp-content\/uploads\/2024\/11\/Holiday-Birthday-Candles-18-8x12.jpg 8w, https:\/\/oenusdeco.com\/wp-content\/uploads\/2024\/11\/Holiday-Birthday-Candles-18-600x957.jpg 600w, https:\/\/oenusdeco.com\/wp-content\/uploads\/2024\/11\/Holiday-Birthday-Candles-18-25x40.jpg 25w\" data-sizes=\"(max-width: 600px) 100vw, 600px\" src=\"data:image\/gif;base64,R0lGODlhAQABAAAAACH5BAEKAAEALAAAAAABAAEAAAICTAEAOw==\" style=\"--smush-placeholder-width: 600px; --smush-placeholder-aspect-ratio: 600\/957;\" \/><noscript><img loading=\"lazy\" decoding=\"async\" class=\"aligncenter wp-image-7466\" src=\"http:\/\/oenusdeco.com\/wp-content\/uploads\/2024\/11\/Holiday-Birthday-Candles-18.jpg\" alt=\"Holiday Birthday Candles\" width=\"600\" height=\"957\" title=\"\" srcset=\"https:\/\/oenusdeco.com\/wp-content\/uploads\/2024\/11\/Holiday-Birthday-Candles-18.jpg 790w, https:\/\/oenusdeco.com\/wp-content\/uploads\/2024\/11\/Holiday-Birthday-Candles-18-188x300.jpg 188w, https:\/\/oenusdeco.com\/wp-content\/uploads\/2024\/11\/Holiday-Birthday-Candles-18-642x1024.jpg 642w, https:\/\/oenusdeco.com\/wp-content\/uploads\/2024\/11\/Holiday-Birthday-Candles-18-768x1225.jpg 768w, https:\/\/oenusdeco.com\/wp-content\/uploads\/2024\/11\/Holiday-Birthday-Candles-18-8x12.jpg 8w, https:\/\/oenusdeco.com\/wp-content\/uploads\/2024\/11\/Holiday-Birthday-Candles-18-600x957.jpg 600w, https:\/\/oenusdeco.com\/wp-content\/uploads\/2024\/11\/Holiday-Birthday-Candles-18-25x40.jpg 25w\" sizes=\"(max-width: 600px) 100vw, 600px\" \/><\/noscript> <img loading=\"lazy\" decoding=\"async\" class=\"aligncenter wp-image-7467 lazyload\" data-src=\"http:\/\/oenusdeco.com\/wp-content\/uploads\/2024\/11\/Holiday-Birthday-Candles-19.jpg\" alt=\"\" width=\"600\" height=\"962\" title=\"\" data-srcset=\"https:\/\/oenusdeco.com\/wp-content\/uploads\/2024\/11\/Holiday-Birthday-Candles-19.jpg 790w, https:\/\/oenusdeco.com\/wp-content\/uploads\/2024\/11\/Holiday-Birthday-Candles-19-187x300.jpg 187w, https:\/\/oenusdeco.com\/wp-content\/uploads\/2024\/11\/Holiday-Birthday-Candles-19-639x1024.jpg 639w, https:\/\/oenusdeco.com\/wp-content\/uploads\/2024\/11\/Holiday-Birthday-Candles-19-768x1231.jpg 768w, https:\/\/oenusdeco.com\/wp-content\/uploads\/2024\/11\/Holiday-Birthday-Candles-19-7x12.jpg 7w, https:\/\/oenusdeco.com\/wp-content\/uploads\/2024\/11\/Holiday-Birthday-Candles-19-367x588.jpg 367w, https:\/\/oenusdeco.com\/wp-content\/uploads\/2024\/11\/Holiday-Birthday-Candles-19-600x962.jpg 600w, https:\/\/oenusdeco.com\/wp-content\/uploads\/2024\/11\/Holiday-Birthday-Candles-19-25x40.jpg 25w\" data-sizes=\"(max-width: 600px) 100vw, 600px\" src=\"data:image\/gif;base64,R0lGODlhAQABAAAAACH5BAEKAAEALAAAAAABAAEAAAICTAEAOw==\" style=\"--smush-placeholder-width: 600px; --smush-placeholder-aspect-ratio: 600\/962;\" \/><noscript><img loading=\"lazy\" decoding=\"async\" class=\"aligncenter wp-image-7467\" src=\"http:\/\/oenusdeco.com\/wp-content\/uploads\/2024\/11\/Holiday-Birthday-Candles-19.jpg\" alt=\"\" width=\"600\" height=\"962\" title=\"\" srcset=\"https:\/\/oenusdeco.com\/wp-content\/uploads\/2024\/11\/Holiday-Birthday-Candles-19.jpg 790w, https:\/\/oenusdeco.com\/wp-content\/uploads\/2024\/11\/Holiday-Birthday-Candles-19-187x300.jpg 187w, https:\/\/oenusdeco.com\/wp-content\/uploads\/2024\/11\/Holiday-Birthday-Candles-19-639x1024.jpg 639w, https:\/\/oenusdeco.com\/wp-content\/uploads\/2024\/11\/Holiday-Birthday-Candles-19-768x1231.jpg 768w, https:\/\/oenusdeco.com\/wp-content\/uploads\/2024\/11\/Holiday-Birthday-Candles-19-7x12.jpg 7w, https:\/\/oenusdeco.com\/wp-content\/uploads\/2024\/11\/Holiday-Birthday-Candles-19-367x588.jpg 367w, https:\/\/oenusdeco.com\/wp-content\/uploads\/2024\/11\/Holiday-Birthday-Candles-19-600x962.jpg 600w, https:\/\/oenusdeco.com\/wp-content\/uploads\/2024\/11\/Holiday-Birthday-Candles-19-25x40.jpg 25w\" sizes=\"(max-width: 600px) 100vw, 600px\" \/><\/noscript> <img loading=\"lazy\" decoding=\"async\" class=\"aligncenter wp-image-7468 lazyload\" data-src=\"http:\/\/oenusdeco.com\/wp-content\/uploads\/2024\/11\/Holiday-Birthday-Candles-20.jpg\" alt=\"Holiday Birthday Candles\" width=\"600\" height=\"960\" title=\"\" data-srcset=\"https:\/\/oenusdeco.com\/wp-content\/uploads\/2024\/11\/Holiday-Birthday-Candles-20.jpg 790w, https:\/\/oenusdeco.com\/wp-content\/uploads\/2024\/11\/Holiday-Birthday-Candles-20-188x300.jpg 188w, https:\/\/oenusdeco.com\/wp-content\/uploads\/2024\/11\/Holiday-Birthday-Candles-20-640x1024.jpg 640w, https:\/\/oenusdeco.com\/wp-content\/uploads\/2024\/11\/Holiday-Birthday-Candles-20-768x1229.jpg 768w, https:\/\/oenusdeco.com\/wp-content\/uploads\/2024\/11\/Holiday-Birthday-Candles-20-8x12.jpg 8w, https:\/\/oenusdeco.com\/wp-content\/uploads\/2024\/11\/Holiday-Birthday-Candles-20-368x588.jpg 368w, https:\/\/oenusdeco.com\/wp-content\/uploads\/2024\/11\/Holiday-Birthday-Candles-20-600x960.jpg 600w, https:\/\/oenusdeco.com\/wp-content\/uploads\/2024\/11\/Holiday-Birthday-Candles-20-25x40.jpg 25w\" data-sizes=\"(max-width: 600px) 100vw, 600px\" src=\"data:image\/gif;base64,R0lGODlhAQABAAAAACH5BAEKAAEALAAAAAABAAEAAAICTAEAOw==\" style=\"--smush-placeholder-width: 600px; --smush-placeholder-aspect-ratio: 600\/960;\" \/><noscript><img loading=\"lazy\" decoding=\"async\" class=\"aligncenter wp-image-7468\" src=\"http:\/\/oenusdeco.com\/wp-content\/uploads\/2024\/11\/Holiday-Birthday-Candles-20.jpg\" alt=\"Holiday Birthday Candles\" width=\"600\" height=\"960\" title=\"\" srcset=\"https:\/\/oenusdeco.com\/wp-content\/uploads\/2024\/11\/Holiday-Birthday-Candles-20.jpg 790w, https:\/\/oenusdeco.com\/wp-content\/uploads\/2024\/11\/Holiday-Birthday-Candles-20-188x300.jpg 188w, https:\/\/oenusdeco.com\/wp-content\/uploads\/2024\/11\/Holiday-Birthday-Candles-20-640x1024.jpg 640w, https:\/\/oenusdeco.com\/wp-content\/uploads\/2024\/11\/Holiday-Birthday-Candles-20-768x1229.jpg 768w, https:\/\/oenusdeco.com\/wp-content\/uploads\/2024\/11\/Holiday-Birthday-Candles-20-8x12.jpg 8w, https:\/\/oenusdeco.com\/wp-content\/uploads\/2024\/11\/Holiday-Birthday-Candles-20-368x588.jpg 368w, https:\/\/oenusdeco.com\/wp-content\/uploads\/2024\/11\/Holiday-Birthday-Candles-20-600x960.jpg 600w, https:\/\/oenusdeco.com\/wp-content\/uploads\/2024\/11\/Holiday-Birthday-Candles-20-25x40.jpg 25w\" sizes=\"(max-width: 600px) 100vw, 600px\" \/><\/noscript> <img loading=\"lazy\" decoding=\"async\" class=\"aligncenter wp-image-7469 lazyload\" data-src=\"http:\/\/oenusdeco.com\/wp-content\/uploads\/2024\/11\/Holiday-Birthday-Candles-21.jpg\" alt=\"Holiday Birthday Candles\" width=\"600\" height=\"990\" title=\"\" data-srcset=\"https:\/\/oenusdeco.com\/wp-content\/uploads\/2024\/11\/Holiday-Birthday-Candles-21.jpg 790w, https:\/\/oenusdeco.com\/wp-content\/uploads\/2024\/11\/Holiday-Birthday-Candles-21-182x300.jpg 182w, https:\/\/oenusdeco.com\/wp-content\/uploads\/2024\/11\/Holiday-Birthday-Candles-21-620x1024.jpg 620w, https:\/\/oenusdeco.com\/wp-content\/uploads\/2024\/11\/Holiday-Birthday-Candles-21-768x1268.jpg 768w, https:\/\/oenusdeco.com\/wp-content\/uploads\/2024\/11\/Holiday-Birthday-Candles-21-7x12.jpg 7w, https:\/\/oenusdeco.com\/wp-content\/uploads\/2024\/11\/Holiday-Birthday-Candles-21-356x588.jpg 356w, https:\/\/oenusdeco.com\/wp-content\/uploads\/2024\/11\/Holiday-Birthday-Candles-21-600x990.jpg 600w, https:\/\/oenusdeco.com\/wp-content\/uploads\/2024\/11\/Holiday-Birthday-Candles-21-24x40.jpg 24w\" data-sizes=\"(max-width: 600px) 100vw, 600px\" src=\"data:image\/gif;base64,R0lGODlhAQABAAAAACH5BAEKAAEALAAAAAABAAEAAAICTAEAOw==\" style=\"--smush-placeholder-width: 600px; --smush-placeholder-aspect-ratio: 600\/990;\" \/><noscript><img loading=\"lazy\" decoding=\"async\" class=\"aligncenter wp-image-7469\" src=\"http:\/\/oenusdeco.com\/wp-content\/uploads\/2024\/11\/Holiday-Birthday-Candles-21.jpg\" alt=\"Holiday Birthday Candles\" width=\"600\" height=\"990\" title=\"\" srcset=\"https:\/\/oenusdeco.com\/wp-content\/uploads\/2024\/11\/Holiday-Birthday-Candles-21.jpg 790w, https:\/\/oenusdeco.com\/wp-content\/uploads\/2024\/11\/Holiday-Birthday-Candles-21-182x300.jpg 182w, https:\/\/oenusdeco.com\/wp-content\/uploads\/2024\/11\/Holiday-Birthday-Candles-21-620x1024.jpg 620w, https:\/\/oenusdeco.com\/wp-content\/uploads\/2024\/11\/Holiday-Birthday-Candles-21-768x1268.jpg 768w, https:\/\/oenusdeco.com\/wp-content\/uploads\/2024\/11\/Holiday-Birthday-Candles-21-7x12.jpg 7w, https:\/\/oenusdeco.com\/wp-content\/uploads\/2024\/11\/Holiday-Birthday-Candles-21-356x588.jpg 356w, https:\/\/oenusdeco.com\/wp-content\/uploads\/2024\/11\/Holiday-Birthday-Candles-21-600x990.jpg 600w, https:\/\/oenusdeco.com\/wp-content\/uploads\/2024\/11\/Holiday-Birthday-Candles-21-24x40.jpg 24w\" sizes=\"(max-width: 600px) 100vw, 600px\" \/><\/noscript><\/p>\n<p>&nbsp;<\/p>","protected":false},"excerpt":{"rendered":"<p>Celebrate birthdays with a festive touch using our holiday birthday candles. These glittery number candles, adorned with a charming Christmas tree design, are perfect for adding a seasonal flair to any birthday cake. Crafted from high-quality, non-toxic materials, our candles are safe for all ages and ensure a clean, even burn. The vibrant green glitter&hellip;<\/p>","protected":false},"featured_media":7482,"comment_status":"open","ping_status":"closed","template":"","meta":[],"product_cat":[168,223],"product_tag":[270,448,269],"class_list":{"0":"post-7439","1":"product","2":"type-product","3":"status-publish","4":"has-post-thumbnail","6":"product_cat-birthday-number-candle","7":"product_cat-birthday","8":"product_tag-birthday-candle","9":"product_tag-cake-topper","10":"product_tag-chirstmas","12":"first","13":"instock","14":"taxable","15":"shipping-taxable","16":"purchasable","17":"product-type-variable","18":"wvs-archive-product-wrapper","19":"col-xs-6 col-sm-4","20":"col-md-4 col-lg-4","21":"un-3-cols"},"_links":{"self":[{"href":"https:\/\/oenusdeco.com\/es\/wp-json\/wp\/v2\/product\/7439","targetHints":{"allow":["GET"]}}],"collection":[{"href":"https:\/\/oenusdeco.com\/es\/wp-json\/wp\/v2\/product"}],"about":[{"href":"https:\/\/oenusdeco.com\/es\/wp-json\/wp\/v2\/types\/product"}],"replies":[{"embeddable":true,"href":"https:\/\/oenusdeco.com\/es\/wp-json\/wp\/v2\/comments?post=7439"}],"version-history":[{"count":0,"href":"https:\/\/oenusdeco.com\/es\/wp-json\/wp\/v2\/product\/7439\/revisions"}],"wp:featuredmedia":[{"embeddable":true,"href":"https:\/\/oenusdeco.com\/es\/wp-json\/wp\/v2\/media\/7482"}],"wp:attachment":[{"href":"https:\/\/oenusdeco.com\/es\/wp-json\/wp\/v2\/media?parent=7439"}],"wp:term":[{"taxonomy":"product_cat","embeddable":true,"href":"https:\/\/oenusdeco.com\/es\/wp-json\/wp\/v2\/product_cat?post=7439"},{"taxonomy":"product_tag","embeddable":true,"href":"https:\/\/oenusdeco.com\/es\/wp-json\/wp\/v2\/product_tag?post=7439"}],"curies":[{"name":"wp","href":"https:\/\/api.w.org\/{rel}","templated":true}]}}