{"id":6520,"date":"2024-10-19T09:33:29","date_gmt":"2024-10-19T09:33:29","guid":{"rendered":"https:\/\/oenusdeco.com\/?post_type=product&#038;p=6520"},"modified":"2026-03-24T17:50:15","modified_gmt":"2026-03-24T09:50:15","slug":"kids-birthday-banner-pink-and-blue-striped","status":"publish","type":"product","link":"https:\/\/oenusdeco.com\/pt\/produto\/kids-birthday-banner-pink-and-blue-striped\/","title":{"rendered":"Banner de anivers\u00e1rio infantil - Decora\u00e7\u00e3o de festa listrada em rosa e azul"},"content":{"rendered":"<div class=\"auto-hide-last-sibling-br paragraph_1252f paragraph-element\">\n<div class=\"auto-hide-last-sibling-br paragraph_1252f paragraph-element\">\n<p><span style=\"color: #000000;\">Make Kids Birthday Banner celebrations extra special with this charming &#8220;Happy Birthday&#8221; banner, available in both pink and blue striped styles. The banner features individual letter flags that spell out &#8220;Happy Birthday,&#8221; adding a festive touch to your party decorations. Ideal for kids&#8217; birthdays, themed parties, or any celebration where you want to make the day memorable. Hang it easily on walls, across doorways, or in outdoor spaces to create a festive atmosphere.<\/span><\/p>\n<p><img fetchpriority=\"high\" decoding=\"async\" class=\"aligncenter wp-image-4937\" src=\"http:\/\/oenusdeco.com\/wp-content\/uploads\/2024\/09\/DM_20240921111652_001.jpg\" alt=\"Festival Wholesale\" width=\"600\" height=\"600\" title=\"\" srcset=\"https:\/\/oenusdeco.com\/wp-content\/uploads\/2024\/09\/DM_20240921111652_001.jpg 1024w, https:\/\/oenusdeco.com\/wp-content\/uploads\/2024\/09\/DM_20240921111652_001-300x300.jpg 300w, https:\/\/oenusdeco.com\/wp-content\/uploads\/2024\/09\/DM_20240921111652_001-150x150.jpg 150w, https:\/\/oenusdeco.com\/wp-content\/uploads\/2024\/09\/DM_20240921111652_001-768x768.jpg 768w, https:\/\/oenusdeco.com\/wp-content\/uploads\/2024\/09\/DM_20240921111652_001-12x12.jpg 12w, https:\/\/oenusdeco.com\/wp-content\/uploads\/2024\/09\/DM_20240921111652_001-370x370.jpg 370w, https:\/\/oenusdeco.com\/wp-content\/uploads\/2024\/09\/DM_20240921111652_001-600x600.jpg 600w, https:\/\/oenusdeco.com\/wp-content\/uploads\/2024\/09\/DM_20240921111652_001-100x100.jpg 100w, https:\/\/oenusdeco.com\/wp-content\/uploads\/2024\/09\/DM_20240921111652_001-50x50.jpg 50w, https:\/\/oenusdeco.com\/wp-content\/uploads\/2024\/09\/DM_20240921111652_001-40x40.jpg 40w\" sizes=\"(max-width: 600px) 100vw, 600px\" \/><span style=\"color: #000000;\"><img decoding=\"async\" class=\"aligncenter wp-image-6525 lazyload\" data-src=\"http:\/\/oenusdeco.com\/wp-content\/uploads\/2024\/10\/Kids-Birthday-Banner-1.jpg\" alt=\"Kids Birthday Banner\" width=\"600\" height=\"900\" title=\"\" data-srcset=\"https:\/\/oenusdeco.com\/wp-content\/uploads\/2024\/10\/Kids-Birthday-Banner-1.jpg 1000w, https:\/\/oenusdeco.com\/wp-content\/uploads\/2024\/10\/Kids-Birthday-Banner-1-200x300.jpg 200w, https:\/\/oenusdeco.com\/wp-content\/uploads\/2024\/10\/Kids-Birthday-Banner-1-683x1024.jpg 683w, https:\/\/oenusdeco.com\/wp-content\/uploads\/2024\/10\/Kids-Birthday-Banner-1-768x1152.jpg 768w, https:\/\/oenusdeco.com\/wp-content\/uploads\/2024\/10\/Kids-Birthday-Banner-1-8x12.jpg 8w, https:\/\/oenusdeco.com\/wp-content\/uploads\/2024\/10\/Kids-Birthday-Banner-1-370x555.jpg 370w, https:\/\/oenusdeco.com\/wp-content\/uploads\/2024\/10\/Kids-Birthday-Banner-1-600x900.jpg 600w, https:\/\/oenusdeco.com\/wp-content\/uploads\/2024\/10\/Kids-Birthday-Banner-1-27x40.jpg 27w\" data-sizes=\"(max-width: 600px) 100vw, 600px\" src=\"data:image\/gif;base64,R0lGODlhAQABAAAAACH5BAEKAAEALAAAAAABAAEAAAICTAEAOw==\" style=\"--smush-placeholder-width: 600px; --smush-placeholder-aspect-ratio: 600\/900;\" \/><noscript><img decoding=\"async\" class=\"aligncenter wp-image-6525\" src=\"http:\/\/oenusdeco.com\/wp-content\/uploads\/2024\/10\/Kids-Birthday-Banner-1.jpg\" alt=\"Kids Birthday Banner\" width=\"600\" height=\"900\" title=\"\" srcset=\"https:\/\/oenusdeco.com\/wp-content\/uploads\/2024\/10\/Kids-Birthday-Banner-1.jpg 1000w, https:\/\/oenusdeco.com\/wp-content\/uploads\/2024\/10\/Kids-Birthday-Banner-1-200x300.jpg 200w, https:\/\/oenusdeco.com\/wp-content\/uploads\/2024\/10\/Kids-Birthday-Banner-1-683x1024.jpg 683w, https:\/\/oenusdeco.com\/wp-content\/uploads\/2024\/10\/Kids-Birthday-Banner-1-768x1152.jpg 768w, https:\/\/oenusdeco.com\/wp-content\/uploads\/2024\/10\/Kids-Birthday-Banner-1-8x12.jpg 8w, https:\/\/oenusdeco.com\/wp-content\/uploads\/2024\/10\/Kids-Birthday-Banner-1-370x555.jpg 370w, https:\/\/oenusdeco.com\/wp-content\/uploads\/2024\/10\/Kids-Birthday-Banner-1-600x900.jpg 600w, https:\/\/oenusdeco.com\/wp-content\/uploads\/2024\/10\/Kids-Birthday-Banner-1-27x40.jpg 27w\" sizes=\"(max-width: 600px) 100vw, 600px\" \/><\/noscript> <img decoding=\"async\" class=\"aligncenter wp-image-6526 lazyload\" data-src=\"http:\/\/oenusdeco.com\/wp-content\/uploads\/2024\/10\/Kids-Birthday-Banner-2.jpg\" alt=\"Kids Birthday Banner\" width=\"600\" height=\"600\" title=\"\" data-srcset=\"https:\/\/oenusdeco.com\/wp-content\/uploads\/2024\/10\/Kids-Birthday-Banner-2.jpg 801w, https:\/\/oenusdeco.com\/wp-content\/uploads\/2024\/10\/Kids-Birthday-Banner-2-300x300.jpg 300w, https:\/\/oenusdeco.com\/wp-content\/uploads\/2024\/10\/Kids-Birthday-Banner-2-150x150.jpg 150w, https:\/\/oenusdeco.com\/wp-content\/uploads\/2024\/10\/Kids-Birthday-Banner-2-768x768.jpg 768w, https:\/\/oenusdeco.com\/wp-content\/uploads\/2024\/10\/Kids-Birthday-Banner-2-12x12.jpg 12w, https:\/\/oenusdeco.com\/wp-content\/uploads\/2024\/10\/Kids-Birthday-Banner-2-370x370.jpg 370w, https:\/\/oenusdeco.com\/wp-content\/uploads\/2024\/10\/Kids-Birthday-Banner-2-600x600.jpg 600w, https:\/\/oenusdeco.com\/wp-content\/uploads\/2024\/10\/Kids-Birthday-Banner-2-100x100.jpg 100w, https:\/\/oenusdeco.com\/wp-content\/uploads\/2024\/10\/Kids-Birthday-Banner-2-50x50.jpg 50w, https:\/\/oenusdeco.com\/wp-content\/uploads\/2024\/10\/Kids-Birthday-Banner-2-40x40.jpg 40w\" data-sizes=\"(max-width: 600px) 100vw, 600px\" src=\"data:image\/gif;base64,R0lGODlhAQABAAAAACH5BAEKAAEALAAAAAABAAEAAAICTAEAOw==\" style=\"--smush-placeholder-width: 600px; --smush-placeholder-aspect-ratio: 600\/600;\" \/><noscript><img decoding=\"async\" class=\"aligncenter wp-image-6526\" src=\"http:\/\/oenusdeco.com\/wp-content\/uploads\/2024\/10\/Kids-Birthday-Banner-2.jpg\" alt=\"Kids Birthday Banner\" width=\"600\" height=\"600\" title=\"\" srcset=\"https:\/\/oenusdeco.com\/wp-content\/uploads\/2024\/10\/Kids-Birthday-Banner-2.jpg 801w, https:\/\/oenusdeco.com\/wp-content\/uploads\/2024\/10\/Kids-Birthday-Banner-2-300x300.jpg 300w, https:\/\/oenusdeco.com\/wp-content\/uploads\/2024\/10\/Kids-Birthday-Banner-2-150x150.jpg 150w, https:\/\/oenusdeco.com\/wp-content\/uploads\/2024\/10\/Kids-Birthday-Banner-2-768x768.jpg 768w, https:\/\/oenusdeco.com\/wp-content\/uploads\/2024\/10\/Kids-Birthday-Banner-2-12x12.jpg 12w, https:\/\/oenusdeco.com\/wp-content\/uploads\/2024\/10\/Kids-Birthday-Banner-2-370x370.jpg 370w, https:\/\/oenusdeco.com\/wp-content\/uploads\/2024\/10\/Kids-Birthday-Banner-2-600x600.jpg 600w, https:\/\/oenusdeco.com\/wp-content\/uploads\/2024\/10\/Kids-Birthday-Banner-2-100x100.jpg 100w, https:\/\/oenusdeco.com\/wp-content\/uploads\/2024\/10\/Kids-Birthday-Banner-2-50x50.jpg 50w, https:\/\/oenusdeco.com\/wp-content\/uploads\/2024\/10\/Kids-Birthday-Banner-2-40x40.jpg 40w\" sizes=\"(max-width: 600px) 100vw, 600px\" \/><\/noscript> <img loading=\"lazy\" decoding=\"async\" class=\"aligncenter wp-image-6529 lazyload\" data-src=\"http:\/\/oenusdeco.com\/wp-content\/uploads\/2024\/10\/Kids-Birthday-Banner-5.jpg\" alt=\"Kids Birthday Banner\" width=\"600\" height=\"600\" title=\"\" data-srcset=\"https:\/\/oenusdeco.com\/wp-content\/uploads\/2024\/10\/Kids-Birthday-Banner-5.jpg 1200w, https:\/\/oenusdeco.com\/wp-content\/uploads\/2024\/10\/Kids-Birthday-Banner-5-300x300.jpg 300w, https:\/\/oenusdeco.com\/wp-content\/uploads\/2024\/10\/Kids-Birthday-Banner-5-1024x1024.jpg 1024w, https:\/\/oenusdeco.com\/wp-content\/uploads\/2024\/10\/Kids-Birthday-Banner-5-150x150.jpg 150w, https:\/\/oenusdeco.com\/wp-content\/uploads\/2024\/10\/Kids-Birthday-Banner-5-768x768.jpg 768w, https:\/\/oenusdeco.com\/wp-content\/uploads\/2024\/10\/Kids-Birthday-Banner-5-12x12.jpg 12w, https:\/\/oenusdeco.com\/wp-content\/uploads\/2024\/10\/Kids-Birthday-Banner-5-370x370.jpg 370w, https:\/\/oenusdeco.com\/wp-content\/uploads\/2024\/10\/Kids-Birthday-Banner-5-600x600.jpg 600w, https:\/\/oenusdeco.com\/wp-content\/uploads\/2024\/10\/Kids-Birthday-Banner-5-100x100.jpg 100w, https:\/\/oenusdeco.com\/wp-content\/uploads\/2024\/10\/Kids-Birthday-Banner-5-50x50.jpg 50w, https:\/\/oenusdeco.com\/wp-content\/uploads\/2024\/10\/Kids-Birthday-Banner-5-40x40.jpg 40w\" data-sizes=\"(max-width: 600px) 100vw, 600px\" src=\"data:image\/gif;base64,R0lGODlhAQABAAAAACH5BAEKAAEALAAAAAABAAEAAAICTAEAOw==\" style=\"--smush-placeholder-width: 600px; --smush-placeholder-aspect-ratio: 600\/600;\" \/><noscript><img loading=\"lazy\" decoding=\"async\" class=\"aligncenter wp-image-6529\" src=\"http:\/\/oenusdeco.com\/wp-content\/uploads\/2024\/10\/Kids-Birthday-Banner-5.jpg\" alt=\"Kids Birthday Banner\" width=\"600\" height=\"600\" title=\"\" srcset=\"https:\/\/oenusdeco.com\/wp-content\/uploads\/2024\/10\/Kids-Birthday-Banner-5.jpg 1200w, https:\/\/oenusdeco.com\/wp-content\/uploads\/2024\/10\/Kids-Birthday-Banner-5-300x300.jpg 300w, https:\/\/oenusdeco.com\/wp-content\/uploads\/2024\/10\/Kids-Birthday-Banner-5-1024x1024.jpg 1024w, https:\/\/oenusdeco.com\/wp-content\/uploads\/2024\/10\/Kids-Birthday-Banner-5-150x150.jpg 150w, https:\/\/oenusdeco.com\/wp-content\/uploads\/2024\/10\/Kids-Birthday-Banner-5-768x768.jpg 768w, https:\/\/oenusdeco.com\/wp-content\/uploads\/2024\/10\/Kids-Birthday-Banner-5-12x12.jpg 12w, https:\/\/oenusdeco.com\/wp-content\/uploads\/2024\/10\/Kids-Birthday-Banner-5-370x370.jpg 370w, https:\/\/oenusdeco.com\/wp-content\/uploads\/2024\/10\/Kids-Birthday-Banner-5-600x600.jpg 600w, https:\/\/oenusdeco.com\/wp-content\/uploads\/2024\/10\/Kids-Birthday-Banner-5-100x100.jpg 100w, https:\/\/oenusdeco.com\/wp-content\/uploads\/2024\/10\/Kids-Birthday-Banner-5-50x50.jpg 50w, https:\/\/oenusdeco.com\/wp-content\/uploads\/2024\/10\/Kids-Birthday-Banner-5-40x40.jpg 40w\" sizes=\"(max-width: 600px) 100vw, 600px\" \/><\/noscript> <img loading=\"lazy\" decoding=\"async\" class=\"aligncenter wp-image-6530 lazyload\" data-src=\"http:\/\/oenusdeco.com\/wp-content\/uploads\/2024\/10\/Kids-Birthday-Banner-6.jpg\" alt=\"Kids Birthday Banner\" width=\"600\" height=\"600\" title=\"\" data-srcset=\"https:\/\/oenusdeco.com\/wp-content\/uploads\/2024\/10\/Kids-Birthday-Banner-6.jpg 1200w, https:\/\/oenusdeco.com\/wp-content\/uploads\/2024\/10\/Kids-Birthday-Banner-6-300x300.jpg 300w, https:\/\/oenusdeco.com\/wp-content\/uploads\/2024\/10\/Kids-Birthday-Banner-6-1024x1024.jpg 1024w, https:\/\/oenusdeco.com\/wp-content\/uploads\/2024\/10\/Kids-Birthday-Banner-6-150x150.jpg 150w, https:\/\/oenusdeco.com\/wp-content\/uploads\/2024\/10\/Kids-Birthday-Banner-6-768x768.jpg 768w, https:\/\/oenusdeco.com\/wp-content\/uploads\/2024\/10\/Kids-Birthday-Banner-6-12x12.jpg 12w, https:\/\/oenusdeco.com\/wp-content\/uploads\/2024\/10\/Kids-Birthday-Banner-6-370x370.jpg 370w, https:\/\/oenusdeco.com\/wp-content\/uploads\/2024\/10\/Kids-Birthday-Banner-6-600x600.jpg 600w, https:\/\/oenusdeco.com\/wp-content\/uploads\/2024\/10\/Kids-Birthday-Banner-6-100x100.jpg 100w, https:\/\/oenusdeco.com\/wp-content\/uploads\/2024\/10\/Kids-Birthday-Banner-6-50x50.jpg 50w, https:\/\/oenusdeco.com\/wp-content\/uploads\/2024\/10\/Kids-Birthday-Banner-6-40x40.jpg 40w\" data-sizes=\"(max-width: 600px) 100vw, 600px\" src=\"data:image\/gif;base64,R0lGODlhAQABAAAAACH5BAEKAAEALAAAAAABAAEAAAICTAEAOw==\" style=\"--smush-placeholder-width: 600px; --smush-placeholder-aspect-ratio: 600\/600;\" \/><noscript><img loading=\"lazy\" decoding=\"async\" class=\"aligncenter wp-image-6530\" src=\"http:\/\/oenusdeco.com\/wp-content\/uploads\/2024\/10\/Kids-Birthday-Banner-6.jpg\" alt=\"Kids Birthday Banner\" width=\"600\" height=\"600\" title=\"\" srcset=\"https:\/\/oenusdeco.com\/wp-content\/uploads\/2024\/10\/Kids-Birthday-Banner-6.jpg 1200w, https:\/\/oenusdeco.com\/wp-content\/uploads\/2024\/10\/Kids-Birthday-Banner-6-300x300.jpg 300w, https:\/\/oenusdeco.com\/wp-content\/uploads\/2024\/10\/Kids-Birthday-Banner-6-1024x1024.jpg 1024w, https:\/\/oenusdeco.com\/wp-content\/uploads\/2024\/10\/Kids-Birthday-Banner-6-150x150.jpg 150w, https:\/\/oenusdeco.com\/wp-content\/uploads\/2024\/10\/Kids-Birthday-Banner-6-768x768.jpg 768w, https:\/\/oenusdeco.com\/wp-content\/uploads\/2024\/10\/Kids-Birthday-Banner-6-12x12.jpg 12w, https:\/\/oenusdeco.com\/wp-content\/uploads\/2024\/10\/Kids-Birthday-Banner-6-370x370.jpg 370w, https:\/\/oenusdeco.com\/wp-content\/uploads\/2024\/10\/Kids-Birthday-Banner-6-600x600.jpg 600w, https:\/\/oenusdeco.com\/wp-content\/uploads\/2024\/10\/Kids-Birthday-Banner-6-100x100.jpg 100w, https:\/\/oenusdeco.com\/wp-content\/uploads\/2024\/10\/Kids-Birthday-Banner-6-50x50.jpg 50w, https:\/\/oenusdeco.com\/wp-content\/uploads\/2024\/10\/Kids-Birthday-Banner-6-40x40.jpg 40w\" sizes=\"(max-width: 600px) 100vw, 600px\" \/><\/noscript> <img loading=\"lazy\" decoding=\"async\" class=\"aligncenter wp-image-6531 lazyload\" data-src=\"http:\/\/oenusdeco.com\/wp-content\/uploads\/2024\/10\/Kids-Birthday-Banner-7.jpg\" alt=\"Kids Birthday Banner\" width=\"600\" height=\"600\" title=\"\" data-srcset=\"https:\/\/oenusdeco.com\/wp-content\/uploads\/2024\/10\/Kids-Birthday-Banner-7.jpg 1200w, https:\/\/oenusdeco.com\/wp-content\/uploads\/2024\/10\/Kids-Birthday-Banner-7-300x300.jpg 300w, https:\/\/oenusdeco.com\/wp-content\/uploads\/2024\/10\/Kids-Birthday-Banner-7-1024x1024.jpg 1024w, https:\/\/oenusdeco.com\/wp-content\/uploads\/2024\/10\/Kids-Birthday-Banner-7-150x150.jpg 150w, https:\/\/oenusdeco.com\/wp-content\/uploads\/2024\/10\/Kids-Birthday-Banner-7-768x768.jpg 768w, https:\/\/oenusdeco.com\/wp-content\/uploads\/2024\/10\/Kids-Birthday-Banner-7-12x12.jpg 12w, https:\/\/oenusdeco.com\/wp-content\/uploads\/2024\/10\/Kids-Birthday-Banner-7-370x370.jpg 370w, https:\/\/oenusdeco.com\/wp-content\/uploads\/2024\/10\/Kids-Birthday-Banner-7-600x600.jpg 600w, https:\/\/oenusdeco.com\/wp-content\/uploads\/2024\/10\/Kids-Birthday-Banner-7-100x100.jpg 100w, https:\/\/oenusdeco.com\/wp-content\/uploads\/2024\/10\/Kids-Birthday-Banner-7-50x50.jpg 50w, https:\/\/oenusdeco.com\/wp-content\/uploads\/2024\/10\/Kids-Birthday-Banner-7-40x40.jpg 40w\" data-sizes=\"(max-width: 600px) 100vw, 600px\" src=\"data:image\/gif;base64,R0lGODlhAQABAAAAACH5BAEKAAEALAAAAAABAAEAAAICTAEAOw==\" style=\"--smush-placeholder-width: 600px; --smush-placeholder-aspect-ratio: 600\/600;\" \/><noscript><img loading=\"lazy\" decoding=\"async\" class=\"aligncenter wp-image-6531\" src=\"http:\/\/oenusdeco.com\/wp-content\/uploads\/2024\/10\/Kids-Birthday-Banner-7.jpg\" alt=\"Kids Birthday Banner\" width=\"600\" height=\"600\" title=\"\" srcset=\"https:\/\/oenusdeco.com\/wp-content\/uploads\/2024\/10\/Kids-Birthday-Banner-7.jpg 1200w, https:\/\/oenusdeco.com\/wp-content\/uploads\/2024\/10\/Kids-Birthday-Banner-7-300x300.jpg 300w, https:\/\/oenusdeco.com\/wp-content\/uploads\/2024\/10\/Kids-Birthday-Banner-7-1024x1024.jpg 1024w, https:\/\/oenusdeco.com\/wp-content\/uploads\/2024\/10\/Kids-Birthday-Banner-7-150x150.jpg 150w, https:\/\/oenusdeco.com\/wp-content\/uploads\/2024\/10\/Kids-Birthday-Banner-7-768x768.jpg 768w, https:\/\/oenusdeco.com\/wp-content\/uploads\/2024\/10\/Kids-Birthday-Banner-7-12x12.jpg 12w, https:\/\/oenusdeco.com\/wp-content\/uploads\/2024\/10\/Kids-Birthday-Banner-7-370x370.jpg 370w, https:\/\/oenusdeco.com\/wp-content\/uploads\/2024\/10\/Kids-Birthday-Banner-7-600x600.jpg 600w, https:\/\/oenusdeco.com\/wp-content\/uploads\/2024\/10\/Kids-Birthday-Banner-7-100x100.jpg 100w, https:\/\/oenusdeco.com\/wp-content\/uploads\/2024\/10\/Kids-Birthday-Banner-7-50x50.jpg 50w, https:\/\/oenusdeco.com\/wp-content\/uploads\/2024\/10\/Kids-Birthday-Banner-7-40x40.jpg 40w\" sizes=\"(max-width: 600px) 100vw, 600px\" \/><\/noscript> <img loading=\"lazy\" decoding=\"async\" class=\"aligncenter wp-image-6527 lazyload\" data-src=\"http:\/\/oenusdeco.com\/wp-content\/uploads\/2024\/10\/Kids-Birthday-Banner-3.jpg\" alt=\"Kids Birthday Banner\" width=\"600\" height=\"600\" title=\"\" data-srcset=\"https:\/\/oenusdeco.com\/wp-content\/uploads\/2024\/10\/Kids-Birthday-Banner-3.jpg 1200w, https:\/\/oenusdeco.com\/wp-content\/uploads\/2024\/10\/Kids-Birthday-Banner-3-300x300.jpg 300w, https:\/\/oenusdeco.com\/wp-content\/uploads\/2024\/10\/Kids-Birthday-Banner-3-1024x1024.jpg 1024w, https:\/\/oenusdeco.com\/wp-content\/uploads\/2024\/10\/Kids-Birthday-Banner-3-150x150.jpg 150w, https:\/\/oenusdeco.com\/wp-content\/uploads\/2024\/10\/Kids-Birthday-Banner-3-768x768.jpg 768w, https:\/\/oenusdeco.com\/wp-content\/uploads\/2024\/10\/Kids-Birthday-Banner-3-12x12.jpg 12w, https:\/\/oenusdeco.com\/wp-content\/uploads\/2024\/10\/Kids-Birthday-Banner-3-370x370.jpg 370w, https:\/\/oenusdeco.com\/wp-content\/uploads\/2024\/10\/Kids-Birthday-Banner-3-600x600.jpg 600w, https:\/\/oenusdeco.com\/wp-content\/uploads\/2024\/10\/Kids-Birthday-Banner-3-100x100.jpg 100w, https:\/\/oenusdeco.com\/wp-content\/uploads\/2024\/10\/Kids-Birthday-Banner-3-50x50.jpg 50w, https:\/\/oenusdeco.com\/wp-content\/uploads\/2024\/10\/Kids-Birthday-Banner-3-40x40.jpg 40w\" data-sizes=\"(max-width: 600px) 100vw, 600px\" src=\"data:image\/gif;base64,R0lGODlhAQABAAAAACH5BAEKAAEALAAAAAABAAEAAAICTAEAOw==\" style=\"--smush-placeholder-width: 600px; --smush-placeholder-aspect-ratio: 600\/600;\" \/><noscript><img loading=\"lazy\" decoding=\"async\" class=\"aligncenter wp-image-6527\" src=\"http:\/\/oenusdeco.com\/wp-content\/uploads\/2024\/10\/Kids-Birthday-Banner-3.jpg\" alt=\"Kids Birthday Banner\" width=\"600\" height=\"600\" title=\"\" srcset=\"https:\/\/oenusdeco.com\/wp-content\/uploads\/2024\/10\/Kids-Birthday-Banner-3.jpg 1200w, https:\/\/oenusdeco.com\/wp-content\/uploads\/2024\/10\/Kids-Birthday-Banner-3-300x300.jpg 300w, https:\/\/oenusdeco.com\/wp-content\/uploads\/2024\/10\/Kids-Birthday-Banner-3-1024x1024.jpg 1024w, https:\/\/oenusdeco.com\/wp-content\/uploads\/2024\/10\/Kids-Birthday-Banner-3-150x150.jpg 150w, https:\/\/oenusdeco.com\/wp-content\/uploads\/2024\/10\/Kids-Birthday-Banner-3-768x768.jpg 768w, https:\/\/oenusdeco.com\/wp-content\/uploads\/2024\/10\/Kids-Birthday-Banner-3-12x12.jpg 12w, https:\/\/oenusdeco.com\/wp-content\/uploads\/2024\/10\/Kids-Birthday-Banner-3-370x370.jpg 370w, https:\/\/oenusdeco.com\/wp-content\/uploads\/2024\/10\/Kids-Birthday-Banner-3-600x600.jpg 600w, https:\/\/oenusdeco.com\/wp-content\/uploads\/2024\/10\/Kids-Birthday-Banner-3-100x100.jpg 100w, https:\/\/oenusdeco.com\/wp-content\/uploads\/2024\/10\/Kids-Birthday-Banner-3-50x50.jpg 50w, https:\/\/oenusdeco.com\/wp-content\/uploads\/2024\/10\/Kids-Birthday-Banner-3-40x40.jpg 40w\" sizes=\"(max-width: 600px) 100vw, 600px\" \/><\/noscript><br \/>\n<\/span><\/p>\n<\/div>\n<\/div>","protected":false},"excerpt":{"rendered":"<p>Make Kids Birthday Banner celebrations extra special with this charming &#8220;Happy Birthday&#8221; banner, available in both pink and blue striped styles. The banner features individual letter flags that spell out &#8220;Happy Birthday,&#8221; adding a festive touch to your party decorations. Ideal for kids&#8217; birthdays, themed parties, or any celebration where you want to make the&hellip;<\/p>","protected":false},"featured_media":6533,"comment_status":"open","ping_status":"closed","template":"","meta":[],"product_cat":[230,223],"product_tag":[415,355,416],"class_list":{"0":"post-6520","1":"product","2":"type-product","3":"status-publish","4":"has-post-thumbnail","6":"product_cat-confetti-streamers","7":"product_cat-birthday","8":"product_tag-banner","9":"product_tag-birthday","10":"product_tag-party-supplier","12":"first","13":"instock","14":"taxable","15":"shipping-taxable","16":"purchasable","17":"product-type-variable","18":"wvs-archive-product-wrapper","19":"col-xs-6 col-sm-4","20":"col-md-4 col-lg-4","21":"un-3-cols"},"_links":{"self":[{"href":"https:\/\/oenusdeco.com\/pt\/wp-json\/wp\/v2\/product\/6520","targetHints":{"allow":["GET"]}}],"collection":[{"href":"https:\/\/oenusdeco.com\/pt\/wp-json\/wp\/v2\/product"}],"about":[{"href":"https:\/\/oenusdeco.com\/pt\/wp-json\/wp\/v2\/types\/product"}],"replies":[{"embeddable":true,"href":"https:\/\/oenusdeco.com\/pt\/wp-json\/wp\/v2\/comments?post=6520"}],"version-history":[{"count":0,"href":"https:\/\/oenusdeco.com\/pt\/wp-json\/wp\/v2\/product\/6520\/revisions"}],"wp:featuredmedia":[{"embeddable":true,"href":"https:\/\/oenusdeco.com\/pt\/wp-json\/wp\/v2\/media\/6533"}],"wp:attachment":[{"href":"https:\/\/oenusdeco.com\/pt\/wp-json\/wp\/v2\/media?parent=6520"}],"wp:term":[{"taxonomy":"product_cat","embeddable":true,"href":"https:\/\/oenusdeco.com\/pt\/wp-json\/wp\/v2\/product_cat?post=6520"},{"taxonomy":"product_tag","embeddable":true,"href":"https:\/\/oenusdeco.com\/pt\/wp-json\/wp\/v2\/product_tag?post=6520"}],"curies":[{"name":"wp","href":"https:\/\/api.w.org\/{rel}","templated":true}]}}