{"id":6712,"date":"2024-10-24T09:56:14","date_gmt":"2024-10-24T09:56:14","guid":{"rendered":"https:\/\/oenusdeco.com\/?post_type=product&#038;p=6712"},"modified":"2024-10-24T10:07:45","modified_gmt":"2024-10-24T10:07:45","slug":"charming-first-birthday-banner","status":"publish","type":"product","link":"https:\/\/oenusdeco.com\/pt\/produto\/charming-first-birthday-banner\/","title":{"rendered":"Faixa de primeiro anivers\u00e1rio encantadora - 2 conjuntos perfeitos para a decora\u00e7\u00e3o da festa de primeiro anivers\u00e1rio do beb\u00ea"},"content":{"rendered":"<div class=\"auto-hide-last-sibling-br paragraph_1252f paragraph-element\">\n<div class=\"auto-hide-last-sibling-br paragraph_1252f paragraph-element\">\n<p><span style=\"color: #000000;\">Make your baby&#8217;s first birthday unforgettable with our charming &#8220;ONE&#8221; banner. The First Birthday Banner is made from high-quality, durable materials, ensuring it can be reused for future celebrations or kept as a keepsake. Easy to hang and perfect for both indoor and outdoor use, this banner is ideal for decorating your home, party venue, or photo shoot backdrop. Whether you&#8217;re hosting a small family gathering or a larger celebration, this &#8220;ONE&#8221; banner will add a touch of warmth and charm to your baby&#8217;s special day. Celebrate this important milestone with style and love.<\/span><\/p>\n<p><img fetchpriority=\"high\" decoding=\"async\" class=\"aligncenter wp-image-4937\" src=\"http:\/\/oenusdeco.com\/wp-content\/uploads\/2024\/09\/DM_20240921111652_001.jpg\" alt=\"Festival Wholesale\" width=\"600\" height=\"600\" title=\"\" srcset=\"https:\/\/oenusdeco.com\/wp-content\/uploads\/2024\/09\/DM_20240921111652_001.jpg 1024w, https:\/\/oenusdeco.com\/wp-content\/uploads\/2024\/09\/DM_20240921111652_001-300x300.jpg 300w, https:\/\/oenusdeco.com\/wp-content\/uploads\/2024\/09\/DM_20240921111652_001-150x150.jpg 150w, https:\/\/oenusdeco.com\/wp-content\/uploads\/2024\/09\/DM_20240921111652_001-768x768.jpg 768w, https:\/\/oenusdeco.com\/wp-content\/uploads\/2024\/09\/DM_20240921111652_001-12x12.jpg 12w, https:\/\/oenusdeco.com\/wp-content\/uploads\/2024\/09\/DM_20240921111652_001-370x370.jpg 370w, https:\/\/oenusdeco.com\/wp-content\/uploads\/2024\/09\/DM_20240921111652_001-600x600.jpg 600w, https:\/\/oenusdeco.com\/wp-content\/uploads\/2024\/09\/DM_20240921111652_001-100x100.jpg 100w, https:\/\/oenusdeco.com\/wp-content\/uploads\/2024\/09\/DM_20240921111652_001-50x50.jpg 50w, https:\/\/oenusdeco.com\/wp-content\/uploads\/2024\/09\/DM_20240921111652_001-40x40.jpg 40w\" sizes=\"(max-width: 600px) 100vw, 600px\" \/><img decoding=\"async\" class=\"aligncenter wp-image-6721 lazyload\" data-src=\"http:\/\/oenusdeco.com\/wp-content\/uploads\/2024\/10\/First-Birthday-Banner-6.jpg\" alt=\"Birthday Banner\" width=\"600\" height=\"600\" title=\"\" data-srcset=\"https:\/\/oenusdeco.com\/wp-content\/uploads\/2024\/10\/First-Birthday-Banner-6.jpg 1200w, https:\/\/oenusdeco.com\/wp-content\/uploads\/2024\/10\/First-Birthday-Banner-6-300x300.jpg 300w, https:\/\/oenusdeco.com\/wp-content\/uploads\/2024\/10\/First-Birthday-Banner-6-1024x1024.jpg 1024w, https:\/\/oenusdeco.com\/wp-content\/uploads\/2024\/10\/First-Birthday-Banner-6-150x150.jpg 150w, https:\/\/oenusdeco.com\/wp-content\/uploads\/2024\/10\/First-Birthday-Banner-6-768x768.jpg 768w, https:\/\/oenusdeco.com\/wp-content\/uploads\/2024\/10\/First-Birthday-Banner-6-12x12.jpg 12w, https:\/\/oenusdeco.com\/wp-content\/uploads\/2024\/10\/First-Birthday-Banner-6-370x370.jpg 370w, https:\/\/oenusdeco.com\/wp-content\/uploads\/2024\/10\/First-Birthday-Banner-6-600x600.jpg 600w, https:\/\/oenusdeco.com\/wp-content\/uploads\/2024\/10\/First-Birthday-Banner-6-100x100.jpg 100w, https:\/\/oenusdeco.com\/wp-content\/uploads\/2024\/10\/First-Birthday-Banner-6-50x50.jpg 50w, https:\/\/oenusdeco.com\/wp-content\/uploads\/2024\/10\/First-Birthday-Banner-6-40x40.jpg 40w\" data-sizes=\"(max-width: 600px) 100vw, 600px\" src=\"data:image\/gif;base64,R0lGODlhAQABAAAAACH5BAEKAAEALAAAAAABAAEAAAICTAEAOw==\" style=\"--smush-placeholder-width: 600px; --smush-placeholder-aspect-ratio: 600\/600;\" \/><noscript><img decoding=\"async\" class=\"aligncenter wp-image-6721\" src=\"http:\/\/oenusdeco.com\/wp-content\/uploads\/2024\/10\/First-Birthday-Banner-6.jpg\" alt=\"Birthday Banner\" width=\"600\" height=\"600\" title=\"\" srcset=\"https:\/\/oenusdeco.com\/wp-content\/uploads\/2024\/10\/First-Birthday-Banner-6.jpg 1200w, https:\/\/oenusdeco.com\/wp-content\/uploads\/2024\/10\/First-Birthday-Banner-6-300x300.jpg 300w, https:\/\/oenusdeco.com\/wp-content\/uploads\/2024\/10\/First-Birthday-Banner-6-1024x1024.jpg 1024w, https:\/\/oenusdeco.com\/wp-content\/uploads\/2024\/10\/First-Birthday-Banner-6-150x150.jpg 150w, https:\/\/oenusdeco.com\/wp-content\/uploads\/2024\/10\/First-Birthday-Banner-6-768x768.jpg 768w, https:\/\/oenusdeco.com\/wp-content\/uploads\/2024\/10\/First-Birthday-Banner-6-12x12.jpg 12w, https:\/\/oenusdeco.com\/wp-content\/uploads\/2024\/10\/First-Birthday-Banner-6-370x370.jpg 370w, https:\/\/oenusdeco.com\/wp-content\/uploads\/2024\/10\/First-Birthday-Banner-6-600x600.jpg 600w, https:\/\/oenusdeco.com\/wp-content\/uploads\/2024\/10\/First-Birthday-Banner-6-100x100.jpg 100w, https:\/\/oenusdeco.com\/wp-content\/uploads\/2024\/10\/First-Birthday-Banner-6-50x50.jpg 50w, https:\/\/oenusdeco.com\/wp-content\/uploads\/2024\/10\/First-Birthday-Banner-6-40x40.jpg 40w\" sizes=\"(max-width: 600px) 100vw, 600px\" \/><\/noscript> <img decoding=\"async\" class=\"aligncenter wp-image-6720 lazyload\" data-src=\"http:\/\/oenusdeco.com\/wp-content\/uploads\/2024\/10\/First-Birthday-Banner-5.jpg\" alt=\"Birthday Banner\" width=\"600\" height=\"600\" title=\"\" data-srcset=\"https:\/\/oenusdeco.com\/wp-content\/uploads\/2024\/10\/First-Birthday-Banner-5.jpg 1200w, https:\/\/oenusdeco.com\/wp-content\/uploads\/2024\/10\/First-Birthday-Banner-5-300x300.jpg 300w, https:\/\/oenusdeco.com\/wp-content\/uploads\/2024\/10\/First-Birthday-Banner-5-1024x1024.jpg 1024w, https:\/\/oenusdeco.com\/wp-content\/uploads\/2024\/10\/First-Birthday-Banner-5-150x150.jpg 150w, https:\/\/oenusdeco.com\/wp-content\/uploads\/2024\/10\/First-Birthday-Banner-5-768x768.jpg 768w, https:\/\/oenusdeco.com\/wp-content\/uploads\/2024\/10\/First-Birthday-Banner-5-12x12.jpg 12w, https:\/\/oenusdeco.com\/wp-content\/uploads\/2024\/10\/First-Birthday-Banner-5-370x370.jpg 370w, https:\/\/oenusdeco.com\/wp-content\/uploads\/2024\/10\/First-Birthday-Banner-5-600x600.jpg 600w, https:\/\/oenusdeco.com\/wp-content\/uploads\/2024\/10\/First-Birthday-Banner-5-100x100.jpg 100w, https:\/\/oenusdeco.com\/wp-content\/uploads\/2024\/10\/First-Birthday-Banner-5-50x50.jpg 50w, https:\/\/oenusdeco.com\/wp-content\/uploads\/2024\/10\/First-Birthday-Banner-5-40x40.jpg 40w\" data-sizes=\"(max-width: 600px) 100vw, 600px\" src=\"data:image\/gif;base64,R0lGODlhAQABAAAAACH5BAEKAAEALAAAAAABAAEAAAICTAEAOw==\" style=\"--smush-placeholder-width: 600px; --smush-placeholder-aspect-ratio: 600\/600;\" \/><noscript><img decoding=\"async\" class=\"aligncenter wp-image-6720\" src=\"http:\/\/oenusdeco.com\/wp-content\/uploads\/2024\/10\/First-Birthday-Banner-5.jpg\" alt=\"Birthday Banner\" width=\"600\" height=\"600\" title=\"\" srcset=\"https:\/\/oenusdeco.com\/wp-content\/uploads\/2024\/10\/First-Birthday-Banner-5.jpg 1200w, https:\/\/oenusdeco.com\/wp-content\/uploads\/2024\/10\/First-Birthday-Banner-5-300x300.jpg 300w, https:\/\/oenusdeco.com\/wp-content\/uploads\/2024\/10\/First-Birthday-Banner-5-1024x1024.jpg 1024w, https:\/\/oenusdeco.com\/wp-content\/uploads\/2024\/10\/First-Birthday-Banner-5-150x150.jpg 150w, https:\/\/oenusdeco.com\/wp-content\/uploads\/2024\/10\/First-Birthday-Banner-5-768x768.jpg 768w, https:\/\/oenusdeco.com\/wp-content\/uploads\/2024\/10\/First-Birthday-Banner-5-12x12.jpg 12w, https:\/\/oenusdeco.com\/wp-content\/uploads\/2024\/10\/First-Birthday-Banner-5-370x370.jpg 370w, https:\/\/oenusdeco.com\/wp-content\/uploads\/2024\/10\/First-Birthday-Banner-5-600x600.jpg 600w, https:\/\/oenusdeco.com\/wp-content\/uploads\/2024\/10\/First-Birthday-Banner-5-100x100.jpg 100w, https:\/\/oenusdeco.com\/wp-content\/uploads\/2024\/10\/First-Birthday-Banner-5-50x50.jpg 50w, https:\/\/oenusdeco.com\/wp-content\/uploads\/2024\/10\/First-Birthday-Banner-5-40x40.jpg 40w\" sizes=\"(max-width: 600px) 100vw, 600px\" \/><\/noscript> <img loading=\"lazy\" decoding=\"async\" class=\"aligncenter wp-image-6715 lazyload\" data-src=\"http:\/\/oenusdeco.com\/wp-content\/uploads\/2024\/10\/First-Birthday-Banner-1.jpg\" alt=\"Birthday Banner\" width=\"600\" height=\"600\" title=\"\" data-srcset=\"https:\/\/oenusdeco.com\/wp-content\/uploads\/2024\/10\/First-Birthday-Banner-1.jpg 1200w, https:\/\/oenusdeco.com\/wp-content\/uploads\/2024\/10\/First-Birthday-Banner-1-300x300.jpg 300w, https:\/\/oenusdeco.com\/wp-content\/uploads\/2024\/10\/First-Birthday-Banner-1-1024x1024.jpg 1024w, https:\/\/oenusdeco.com\/wp-content\/uploads\/2024\/10\/First-Birthday-Banner-1-150x150.jpg 150w, https:\/\/oenusdeco.com\/wp-content\/uploads\/2024\/10\/First-Birthday-Banner-1-768x768.jpg 768w, https:\/\/oenusdeco.com\/wp-content\/uploads\/2024\/10\/First-Birthday-Banner-1-12x12.jpg 12w, https:\/\/oenusdeco.com\/wp-content\/uploads\/2024\/10\/First-Birthday-Banner-1-370x370.jpg 370w, https:\/\/oenusdeco.com\/wp-content\/uploads\/2024\/10\/First-Birthday-Banner-1-600x600.jpg 600w, https:\/\/oenusdeco.com\/wp-content\/uploads\/2024\/10\/First-Birthday-Banner-1-100x100.jpg 100w, https:\/\/oenusdeco.com\/wp-content\/uploads\/2024\/10\/First-Birthday-Banner-1-50x50.jpg 50w, https:\/\/oenusdeco.com\/wp-content\/uploads\/2024\/10\/First-Birthday-Banner-1-40x40.jpg 40w\" data-sizes=\"(max-width: 600px) 100vw, 600px\" src=\"data:image\/gif;base64,R0lGODlhAQABAAAAACH5BAEKAAEALAAAAAABAAEAAAICTAEAOw==\" style=\"--smush-placeholder-width: 600px; --smush-placeholder-aspect-ratio: 600\/600;\" \/><noscript><img loading=\"lazy\" decoding=\"async\" class=\"aligncenter wp-image-6715\" src=\"http:\/\/oenusdeco.com\/wp-content\/uploads\/2024\/10\/First-Birthday-Banner-1.jpg\" alt=\"Birthday Banner\" width=\"600\" height=\"600\" title=\"\" srcset=\"https:\/\/oenusdeco.com\/wp-content\/uploads\/2024\/10\/First-Birthday-Banner-1.jpg 1200w, https:\/\/oenusdeco.com\/wp-content\/uploads\/2024\/10\/First-Birthday-Banner-1-300x300.jpg 300w, https:\/\/oenusdeco.com\/wp-content\/uploads\/2024\/10\/First-Birthday-Banner-1-1024x1024.jpg 1024w, https:\/\/oenusdeco.com\/wp-content\/uploads\/2024\/10\/First-Birthday-Banner-1-150x150.jpg 150w, https:\/\/oenusdeco.com\/wp-content\/uploads\/2024\/10\/First-Birthday-Banner-1-768x768.jpg 768w, https:\/\/oenusdeco.com\/wp-content\/uploads\/2024\/10\/First-Birthday-Banner-1-12x12.jpg 12w, https:\/\/oenusdeco.com\/wp-content\/uploads\/2024\/10\/First-Birthday-Banner-1-370x370.jpg 370w, https:\/\/oenusdeco.com\/wp-content\/uploads\/2024\/10\/First-Birthday-Banner-1-600x600.jpg 600w, https:\/\/oenusdeco.com\/wp-content\/uploads\/2024\/10\/First-Birthday-Banner-1-100x100.jpg 100w, https:\/\/oenusdeco.com\/wp-content\/uploads\/2024\/10\/First-Birthday-Banner-1-50x50.jpg 50w, https:\/\/oenusdeco.com\/wp-content\/uploads\/2024\/10\/First-Birthday-Banner-1-40x40.jpg 40w\" sizes=\"(max-width: 600px) 100vw, 600px\" \/><\/noscript> <img loading=\"lazy\" decoding=\"async\" class=\"aligncenter wp-image-6718 lazyload\" data-src=\"http:\/\/oenusdeco.com\/wp-content\/uploads\/2024\/10\/First-Birthday-Banner-3.jpg\" alt=\"Birthday Banner\" width=\"600\" height=\"600\" title=\"\" data-srcset=\"https:\/\/oenusdeco.com\/wp-content\/uploads\/2024\/10\/First-Birthday-Banner-3.jpg 1200w, https:\/\/oenusdeco.com\/wp-content\/uploads\/2024\/10\/First-Birthday-Banner-3-300x300.jpg 300w, https:\/\/oenusdeco.com\/wp-content\/uploads\/2024\/10\/First-Birthday-Banner-3-1024x1024.jpg 1024w, https:\/\/oenusdeco.com\/wp-content\/uploads\/2024\/10\/First-Birthday-Banner-3-150x150.jpg 150w, https:\/\/oenusdeco.com\/wp-content\/uploads\/2024\/10\/First-Birthday-Banner-3-768x768.jpg 768w, https:\/\/oenusdeco.com\/wp-content\/uploads\/2024\/10\/First-Birthday-Banner-3-12x12.jpg 12w, https:\/\/oenusdeco.com\/wp-content\/uploads\/2024\/10\/First-Birthday-Banner-3-370x370.jpg 370w, https:\/\/oenusdeco.com\/wp-content\/uploads\/2024\/10\/First-Birthday-Banner-3-600x600.jpg 600w, https:\/\/oenusdeco.com\/wp-content\/uploads\/2024\/10\/First-Birthday-Banner-3-100x100.jpg 100w, https:\/\/oenusdeco.com\/wp-content\/uploads\/2024\/10\/First-Birthday-Banner-3-50x50.jpg 50w, https:\/\/oenusdeco.com\/wp-content\/uploads\/2024\/10\/First-Birthday-Banner-3-40x40.jpg 40w\" data-sizes=\"(max-width: 600px) 100vw, 600px\" src=\"data:image\/gif;base64,R0lGODlhAQABAAAAACH5BAEKAAEALAAAAAABAAEAAAICTAEAOw==\" style=\"--smush-placeholder-width: 600px; --smush-placeholder-aspect-ratio: 600\/600;\" \/><noscript><img loading=\"lazy\" decoding=\"async\" class=\"aligncenter wp-image-6718\" src=\"http:\/\/oenusdeco.com\/wp-content\/uploads\/2024\/10\/First-Birthday-Banner-3.jpg\" alt=\"Birthday Banner\" width=\"600\" height=\"600\" title=\"\" srcset=\"https:\/\/oenusdeco.com\/wp-content\/uploads\/2024\/10\/First-Birthday-Banner-3.jpg 1200w, https:\/\/oenusdeco.com\/wp-content\/uploads\/2024\/10\/First-Birthday-Banner-3-300x300.jpg 300w, https:\/\/oenusdeco.com\/wp-content\/uploads\/2024\/10\/First-Birthday-Banner-3-1024x1024.jpg 1024w, https:\/\/oenusdeco.com\/wp-content\/uploads\/2024\/10\/First-Birthday-Banner-3-150x150.jpg 150w, https:\/\/oenusdeco.com\/wp-content\/uploads\/2024\/10\/First-Birthday-Banner-3-768x768.jpg 768w, https:\/\/oenusdeco.com\/wp-content\/uploads\/2024\/10\/First-Birthday-Banner-3-12x12.jpg 12w, https:\/\/oenusdeco.com\/wp-content\/uploads\/2024\/10\/First-Birthday-Banner-3-370x370.jpg 370w, https:\/\/oenusdeco.com\/wp-content\/uploads\/2024\/10\/First-Birthday-Banner-3-600x600.jpg 600w, https:\/\/oenusdeco.com\/wp-content\/uploads\/2024\/10\/First-Birthday-Banner-3-100x100.jpg 100w, https:\/\/oenusdeco.com\/wp-content\/uploads\/2024\/10\/First-Birthday-Banner-3-50x50.jpg 50w, https:\/\/oenusdeco.com\/wp-content\/uploads\/2024\/10\/First-Birthday-Banner-3-40x40.jpg 40w\" sizes=\"(max-width: 600px) 100vw, 600px\" \/><\/noscript> <img loading=\"lazy\" decoding=\"async\" class=\"aligncenter wp-image-6719 lazyload\" data-src=\"http:\/\/oenusdeco.com\/wp-content\/uploads\/2024\/10\/First-Birthday-Banner-4.jpg\" alt=\"Birthday Banner\" width=\"600\" height=\"600\" title=\"\" data-srcset=\"https:\/\/oenusdeco.com\/wp-content\/uploads\/2024\/10\/First-Birthday-Banner-4.jpg 1200w, https:\/\/oenusdeco.com\/wp-content\/uploads\/2024\/10\/First-Birthday-Banner-4-300x300.jpg 300w, https:\/\/oenusdeco.com\/wp-content\/uploads\/2024\/10\/First-Birthday-Banner-4-1024x1024.jpg 1024w, https:\/\/oenusdeco.com\/wp-content\/uploads\/2024\/10\/First-Birthday-Banner-4-150x150.jpg 150w, https:\/\/oenusdeco.com\/wp-content\/uploads\/2024\/10\/First-Birthday-Banner-4-768x768.jpg 768w, https:\/\/oenusdeco.com\/wp-content\/uploads\/2024\/10\/First-Birthday-Banner-4-12x12.jpg 12w, https:\/\/oenusdeco.com\/wp-content\/uploads\/2024\/10\/First-Birthday-Banner-4-370x370.jpg 370w, https:\/\/oenusdeco.com\/wp-content\/uploads\/2024\/10\/First-Birthday-Banner-4-600x600.jpg 600w, https:\/\/oenusdeco.com\/wp-content\/uploads\/2024\/10\/First-Birthday-Banner-4-100x100.jpg 100w, https:\/\/oenusdeco.com\/wp-content\/uploads\/2024\/10\/First-Birthday-Banner-4-50x50.jpg 50w, https:\/\/oenusdeco.com\/wp-content\/uploads\/2024\/10\/First-Birthday-Banner-4-40x40.jpg 40w\" data-sizes=\"(max-width: 600px) 100vw, 600px\" src=\"data:image\/gif;base64,R0lGODlhAQABAAAAACH5BAEKAAEALAAAAAABAAEAAAICTAEAOw==\" style=\"--smush-placeholder-width: 600px; --smush-placeholder-aspect-ratio: 600\/600;\" \/><noscript><img loading=\"lazy\" decoding=\"async\" class=\"aligncenter wp-image-6719\" src=\"http:\/\/oenusdeco.com\/wp-content\/uploads\/2024\/10\/First-Birthday-Banner-4.jpg\" alt=\"Birthday Banner\" width=\"600\" height=\"600\" title=\"\" srcset=\"https:\/\/oenusdeco.com\/wp-content\/uploads\/2024\/10\/First-Birthday-Banner-4.jpg 1200w, https:\/\/oenusdeco.com\/wp-content\/uploads\/2024\/10\/First-Birthday-Banner-4-300x300.jpg 300w, https:\/\/oenusdeco.com\/wp-content\/uploads\/2024\/10\/First-Birthday-Banner-4-1024x1024.jpg 1024w, https:\/\/oenusdeco.com\/wp-content\/uploads\/2024\/10\/First-Birthday-Banner-4-150x150.jpg 150w, https:\/\/oenusdeco.com\/wp-content\/uploads\/2024\/10\/First-Birthday-Banner-4-768x768.jpg 768w, https:\/\/oenusdeco.com\/wp-content\/uploads\/2024\/10\/First-Birthday-Banner-4-12x12.jpg 12w, https:\/\/oenusdeco.com\/wp-content\/uploads\/2024\/10\/First-Birthday-Banner-4-370x370.jpg 370w, https:\/\/oenusdeco.com\/wp-content\/uploads\/2024\/10\/First-Birthday-Banner-4-600x600.jpg 600w, https:\/\/oenusdeco.com\/wp-content\/uploads\/2024\/10\/First-Birthday-Banner-4-100x100.jpg 100w, https:\/\/oenusdeco.com\/wp-content\/uploads\/2024\/10\/First-Birthday-Banner-4-50x50.jpg 50w, https:\/\/oenusdeco.com\/wp-content\/uploads\/2024\/10\/First-Birthday-Banner-4-40x40.jpg 40w\" sizes=\"(max-width: 600px) 100vw, 600px\" \/><\/noscript> <img loading=\"lazy\" decoding=\"async\" class=\"aligncenter wp-image-6716 lazyload\" data-src=\"http:\/\/oenusdeco.com\/wp-content\/uploads\/2024\/10\/First-Birthday-Banner-1.png\" alt=\"Birthday Banner\" width=\"600\" height=\"651\" title=\"\" data-srcset=\"https:\/\/oenusdeco.com\/wp-content\/uploads\/2024\/10\/First-Birthday-Banner-1.png 996w, https:\/\/oenusdeco.com\/wp-content\/uploads\/2024\/10\/First-Birthday-Banner-1-277x300.png 277w, https:\/\/oenusdeco.com\/wp-content\/uploads\/2024\/10\/First-Birthday-Banner-1-944x1024.png 944w, https:\/\/oenusdeco.com\/wp-content\/uploads\/2024\/10\/First-Birthday-Banner-1-768x833.png 768w, https:\/\/oenusdeco.com\/wp-content\/uploads\/2024\/10\/First-Birthday-Banner-1-11x12.png 11w, https:\/\/oenusdeco.com\/wp-content\/uploads\/2024\/10\/First-Birthday-Banner-1-370x401.png 370w, https:\/\/oenusdeco.com\/wp-content\/uploads\/2024\/10\/First-Birthday-Banner-1-600x651.png 600w, https:\/\/oenusdeco.com\/wp-content\/uploads\/2024\/10\/First-Birthday-Banner-1-37x40.png 37w\" data-sizes=\"(max-width: 600px) 100vw, 600px\" src=\"data:image\/gif;base64,R0lGODlhAQABAAAAACH5BAEKAAEALAAAAAABAAEAAAICTAEAOw==\" style=\"--smush-placeholder-width: 600px; --smush-placeholder-aspect-ratio: 600\/651;\" \/><noscript><img loading=\"lazy\" decoding=\"async\" class=\"aligncenter wp-image-6716\" src=\"http:\/\/oenusdeco.com\/wp-content\/uploads\/2024\/10\/First-Birthday-Banner-1.png\" alt=\"Birthday Banner\" width=\"600\" height=\"651\" title=\"\" srcset=\"https:\/\/oenusdeco.com\/wp-content\/uploads\/2024\/10\/First-Birthday-Banner-1.png 996w, https:\/\/oenusdeco.com\/wp-content\/uploads\/2024\/10\/First-Birthday-Banner-1-277x300.png 277w, https:\/\/oenusdeco.com\/wp-content\/uploads\/2024\/10\/First-Birthday-Banner-1-944x1024.png 944w, https:\/\/oenusdeco.com\/wp-content\/uploads\/2024\/10\/First-Birthday-Banner-1-768x833.png 768w, https:\/\/oenusdeco.com\/wp-content\/uploads\/2024\/10\/First-Birthday-Banner-1-11x12.png 11w, https:\/\/oenusdeco.com\/wp-content\/uploads\/2024\/10\/First-Birthday-Banner-1-370x401.png 370w, https:\/\/oenusdeco.com\/wp-content\/uploads\/2024\/10\/First-Birthday-Banner-1-600x651.png 600w, https:\/\/oenusdeco.com\/wp-content\/uploads\/2024\/10\/First-Birthday-Banner-1-37x40.png 37w\" sizes=\"(max-width: 600px) 100vw, 600px\" \/><\/noscript><span style=\"color: #000000;\"><br \/>\n<\/span><\/p>\n<\/div>\n<\/div>","protected":false},"excerpt":{"rendered":"<p>Make your baby&#8217;s first birthday unforgettable with our charming &#8220;ONE&#8221; banner. The First Birthday Banner is made from high-quality, durable materials, ensuring it can be reused for future celebrations or kept as a keepsake. Easy to hang and perfect for both indoor and outdoor use, this banner is ideal for decorating your home, party venue,&hellip;<\/p>","protected":false},"featured_media":6720,"comment_status":"open","ping_status":"closed","template":"","meta":[],"product_cat":[230,223],"product_tag":[415,355,427,416],"class_list":{"0":"post-6712","1":"product","2":"type-product","3":"status-publish","4":"has-post-thumbnail","6":"product_cat-confetti-streamers","7":"product_cat-birthday","8":"product_tag-banner","9":"product_tag-birthday","10":"product_tag-kids","11":"product_tag-party-supplier","13":"first","14":"instock","15":"taxable","16":"shipping-taxable","17":"purchasable","18":"product-type-variable","19":"wvs-archive-product-wrapper","20":"col-xs-6 col-sm-4","21":"col-md-3 col-lg-3","22":"un-4-cols"},"_links":{"self":[{"href":"https:\/\/oenusdeco.com\/pt\/wp-json\/wp\/v2\/product\/6712","targetHints":{"allow":["GET"]}}],"collection":[{"href":"https:\/\/oenusdeco.com\/pt\/wp-json\/wp\/v2\/product"}],"about":[{"href":"https:\/\/oenusdeco.com\/pt\/wp-json\/wp\/v2\/types\/product"}],"replies":[{"embeddable":true,"href":"https:\/\/oenusdeco.com\/pt\/wp-json\/wp\/v2\/comments?post=6712"}],"version-history":[{"count":0,"href":"https:\/\/oenusdeco.com\/pt\/wp-json\/wp\/v2\/product\/6712\/revisions"}],"wp:featuredmedia":[{"embeddable":true,"href":"https:\/\/oenusdeco.com\/pt\/wp-json\/wp\/v2\/media\/6720"}],"wp:attachment":[{"href":"https:\/\/oenusdeco.com\/pt\/wp-json\/wp\/v2\/media?parent=6712"}],"wp:term":[{"taxonomy":"product_cat","embeddable":true,"href":"https:\/\/oenusdeco.com\/pt\/wp-json\/wp\/v2\/product_cat?post=6712"},{"taxonomy":"product_tag","embeddable":true,"href":"https:\/\/oenusdeco.com\/pt\/wp-json\/wp\/v2\/product_tag?post=6712"}],"curies":[{"name":"wp","href":"https:\/\/api.w.org\/{rel}","templated":true}]}}